{"id":1639,"date":"2024-09-08T16:01:30","date_gmt":"2024-09-08T14:01:30","guid":{"rendered":"https:\/\/www.railpartner.sk\/?page_id=1639"},"modified":"2024-11-06T20:39:04","modified_gmt":"2024-11-06T19:39:04","slug":"rail-vehicle-maintenance-services","status":"publish","type":"page","link":"https:\/\/www.railpartner.sk\/sk\/udrzba-zeleznicnych-vozidiel\/","title":{"rendered":"\u00dadr\u017eba"},"content":{"rendered":"<div data-elementor-type=\"wp-page\" data-elementor-id=\"1639\" class=\"elementor elementor-1639\" data-elementor-post-type=\"page\">\n\t\t\t\t<div class=\"elementor-element elementor-element-94880d6 e-flex e-con-boxed e-con e-parent\" data-id=\"94880d6\" data-element_type=\"container\">\n\t\t\t\t\t<div class=\"e-con-inner\">\n\t\t<div class=\"elementor-element elementor-element-22d4f45 e-flex e-con-boxed e-con e-child\" data-id=\"22d4f45\" data-element_type=\"container\" data-settings=\"{&quot;background_background&quot;:&quot;classic&quot;}\">\n\t\t\t\t\t<div class=\"e-con-inner\">\n\t\t<div class=\"elementor-element elementor-element-db8d53a e-con-full e-flex e-con e-child\" data-id=\"db8d53a\" data-element_type=\"container\">\n\t\t\t\t<div class=\"elementor-element elementor-element-e68bb67 elementor-widget elementor-widget-heading\" data-id=\"e68bb67\" data-element_type=\"widget\" data-widget_type=\"heading.default\">\n\t\t\t\t<div class=\"elementor-widget-container\">\n\t\t\t\t\t<h2 class=\"elementor-heading-title elementor-size-default\">\u00dadr\u017eba<\/h2>\t\t\t\t<\/div>\n\t\t\t\t<\/div>\n\t\t\t\t<\/div>\n\t\t\t\t\t<\/div>\n\t\t\t\t<\/div>\n\t\t\t\t\t<\/div>\n\t\t\t\t<\/div>\n\t\t<div class=\"elementor-element elementor-element-cfbeca9 e-flex e-con-boxed e-con e-parent\" data-id=\"cfbeca9\" data-element_type=\"container\">\n\t\t\t\t\t<div class=\"e-con-inner\">\n\t\t\t\t<div class=\"elementor-element elementor-element-7641462 elementor-widget elementor-widget-heading\" data-id=\"7641462\" data-element_type=\"widget\" data-widget_type=\"heading.default\">\n\t\t\t\t<div class=\"elementor-widget-container\">\n\t\t\t\t\t<h2 class=\"elementor-heading-title elementor-size-default\">Rie\u0161enia a implement\u00e1cie<\/h2>\t\t\t\t<\/div>\n\t\t\t\t<\/div>\n\t\t\t\t\t<\/div>\n\t\t\t\t<\/div>\n\t\t<div class=\"elementor-element elementor-element-21791bb e-flex e-con-boxed e-con e-parent\" data-id=\"21791bb\" data-element_type=\"container\">\n\t\t\t\t\t<div class=\"e-con-inner\">\n\t\t\t\t<div class=\"elementor-element elementor-element-2346f0d elementor-widget elementor-widget-text-editor\" data-id=\"2346f0d\" data-element_type=\"widget\" data-widget_type=\"text-editor.default\">\n\t\t\t\t<div class=\"elementor-widget-container\">\n\t\t\t\t\t\t\t\t\t<p class=\"translation-block\">N\u00e1\u0161 t\u00edm sa zameriava na prevent\u00edvnu a prev\u00e1dzkov\u00fa \u00fadr\u017ebu osobn\u00fdch voz\u0148ov \u0161peci\u00e1lnej kon\u0161trukcie s cie\u013eom zachova\u0165 kvalitu, bezpe\u010dnos\u0165, minimalizova\u0165 vplyv na \u017eivotn\u00e9 prostredie a neust\u00e1le zlep\u0161ova\u0165 procesy.<br>\u0160pecializujeme sa najm\u00e4 na osobn\u00e9 vozne DB 248.3, 248.5, 249.1 a WLABmee, WLABmz 71-91.0 a podvozky MD 363, MD 362, MD 522, MD 523 a GP 200N.<\/p>\t\t\t\t\t\t\t\t<\/div>\n\t\t\t\t<\/div>\n\t\t\t\t\t<\/div>\n\t\t\t\t<\/div>\n\t\t<div class=\"elementor-element elementor-element-1ca6acc e-flex e-con-boxed e-con e-parent\" data-id=\"1ca6acc\" data-element_type=\"container\">\n\t\t\t\t\t<div class=\"e-con-inner\">\n\t\t\t\t<div class=\"elementor-element elementor-element-c637a91 elementor-widget elementor-widget-spacer\" data-id=\"c637a91\" data-element_type=\"widget\" data-widget_type=\"spacer.default\">\n\t\t\t\t<div class=\"elementor-widget-container\">\n\t\t\t\t\t\t\t<div class=\"elementor-spacer\">\n\t\t\t<div class=\"elementor-spacer-inner\"><\/div>\n\t\t<\/div>\n\t\t\t\t\t\t<\/div>\n\t\t\t\t<\/div>\n\t\t\t\t\t<\/div>\n\t\t\t\t<\/div>\n\t\t\t\t<\/div>","protected":false},"excerpt":{"rendered":"<p>Maintenance Solutions and implementations Our team focuses on the preventive and operational maintenance of passenger coaches of special construction in order to maintain quality, safety, minimize environmental impacts and continuously improve processes.We mainly specialize in DB 248.3, 248.5, 249.1 and WLABmee, WLABmz 71-91.0 passenger coaches and MD 363, MD 362, MD 522, MD 523 and [&hellip;]<\/p>","protected":false},"author":1,"featured_media":2135,"parent":0,"menu_order":0,"comment_status":"closed","ping_status":"closed","template":"","meta":{"_monsterinsights_skip_tracking":false,"_monsterinsights_sitenote_active":false,"_monsterinsights_sitenote_note":"","_monsterinsights_sitenote_category":0,"footnotes":""},"class_list":["post-1639","page","type-page","status-publish","has-post-thumbnail","hentry"],"yoast_head":"<!-- This site is optimized with the Yoast SEO plugin v25.3.1 - https:\/\/yoast.com\/wordpress\/plugins\/seo\/ -->\n<title>Rail Vehicle Maintenance Services | Railpartner<\/title>\n<meta name=\"description\" content=\"Rail vehicle maintenance services for DB and WLAB coaches and MD bogies. Ensure safety with expert preventive solutions at Railpartner.\" \/>\n<meta name=\"robots\" content=\"index, follow, max-snippet:-1, max-image-preview:large, max-video-preview:-1\" \/>\n<link rel=\"canonical\" href=\"https:\/\/www.railpartner.sk\/sk\/udrzba-zeleznicnych-vozidiel\/\" \/>\n<meta property=\"og:locale\" content=\"sk_SK\" \/>\n<meta property=\"og:type\" content=\"article\" \/>\n<meta property=\"og:title\" content=\"Rail Vehicle Maintenance Services | Railpartner\" \/>\n<meta property=\"og:description\" content=\"Rail vehicle maintenance services for DB and WLAB coaches and MD bogies. Ensure safety with expert preventive solutions at Railpartner.\" \/>\n<meta property=\"og:url\" content=\"https:\/\/www.railpartner.sk\/sk\/udrzba-zeleznicnych-vozidiel\/\" \/>\n<meta property=\"og:site_name\" content=\"Railpartner\" \/>\n<meta property=\"article:modified_time\" content=\"2024-11-06T19:39:04+00:00\" \/>\n<meta property=\"og:image\" content=\"https:\/\/www.railpartner.sk\/wp-content\/uploads\/2024\/09\/Maintenance-ezgif.com-optiwebp.webp\" \/>\n\t<meta property=\"og:image:width\" content=\"1425\" \/>\n\t<meta property=\"og:image:height\" content=\"868\" \/>\n\t<meta property=\"og:image:type\" content=\"image\/webp\" \/>\n<meta name=\"twitter:card\" content=\"summary_large_image\" \/>\n<meta name=\"twitter:label1\" content=\"Predpokladan\u00fd \u010das \u010d\u00edtania\" \/>\n\t<meta name=\"twitter:data1\" content=\"1 min\u00fata\" \/>\n<script type=\"application\/ld+json\" class=\"yoast-schema-graph\">{\"@context\":\"https:\/\/schema.org\",\"@graph\":[{\"@type\":\"WebPage\",\"@id\":\"https:\/\/www.railpartner.sk\/rail-vehicle-maintenance-services\/\",\"url\":\"https:\/\/www.railpartner.sk\/rail-vehicle-maintenance-services\/\",\"name\":\"Rail Vehicle Maintenance Services | Railpartner\",\"isPartOf\":{\"@id\":\"https:\/\/www.railpartner.sk\/#website\"},\"primaryImageOfPage\":{\"@id\":\"https:\/\/www.railpartner.sk\/rail-vehicle-maintenance-services\/#primaryimage\"},\"image\":{\"@id\":\"https:\/\/www.railpartner.sk\/rail-vehicle-maintenance-services\/#primaryimage\"},\"thumbnailUrl\":\"https:\/\/www.railpartner.sk\/wp-content\/uploads\/2024\/09\/Maintenance-ezgif.com-optiwebp.webp\",\"datePublished\":\"2024-09-08T14:01:30+00:00\",\"dateModified\":\"2024-11-06T19:39:04+00:00\",\"description\":\"Rail vehicle maintenance services for DB and WLAB coaches and MD bogies. Ensure safety with expert preventive solutions at Railpartner.\",\"breadcrumb\":{\"@id\":\"https:\/\/www.railpartner.sk\/rail-vehicle-maintenance-services\/#breadcrumb\"},\"inLanguage\":\"sk-SK\",\"potentialAction\":[{\"@type\":\"ReadAction\",\"target\":[\"https:\/\/www.railpartner.sk\/rail-vehicle-maintenance-services\/\"]}]},{\"@type\":\"ImageObject\",\"inLanguage\":\"sk-SK\",\"@id\":\"https:\/\/www.railpartner.sk\/rail-vehicle-maintenance-services\/#primaryimage\",\"url\":\"https:\/\/www.railpartner.sk\/wp-content\/uploads\/2024\/09\/Maintenance-ezgif.com-optiwebp.webp\",\"contentUrl\":\"https:\/\/www.railpartner.sk\/wp-content\/uploads\/2024\/09\/Maintenance-ezgif.com-optiwebp.webp\",\"width\":1425,\"height\":868,\"caption\":\"Preventive maintenance services for rail vehicles at Railpartner.\"},{\"@type\":\"BreadcrumbList\",\"@id\":\"https:\/\/www.railpartner.sk\/rail-vehicle-maintenance-services\/#breadcrumb\",\"itemListElement\":[{\"@type\":\"ListItem\",\"position\":1,\"name\":\"Home\",\"item\":\"https:\/\/www.railpartner.sk\/\"},{\"@type\":\"ListItem\",\"position\":2,\"name\":\"Maintenance\"}]},{\"@type\":\"WebSite\",\"@id\":\"https:\/\/www.railpartner.sk\/#website\",\"url\":\"https:\/\/www.railpartner.sk\/\",\"name\":\"Railpartner\",\"description\":\"\",\"publisher\":{\"@id\":\"https:\/\/www.railpartner.sk\/#organization\"},\"potentialAction\":[{\"@type\":\"SearchAction\",\"target\":{\"@type\":\"EntryPoint\",\"urlTemplate\":\"https:\/\/www.railpartner.sk\/?s={search_term_string}\"},\"query-input\":{\"@type\":\"PropertyValueSpecification\",\"valueRequired\":true,\"valueName\":\"search_term_string\"}}],\"inLanguage\":\"sk-SK\"},{\"@type\":\"Organization\",\"@id\":\"https:\/\/www.railpartner.sk\/#organization\",\"name\":\"Railpartner\",\"url\":\"https:\/\/www.railpartner.sk\/\",\"logo\":{\"@type\":\"ImageObject\",\"inLanguage\":\"sk-SK\",\"@id\":\"https:\/\/www.railpartner.sk\/#\/schema\/logo\/image\/\",\"url\":\"https:\/\/www.railpartner.sk\/wp-content\/uploads\/2024\/09\/cropped-logo-dark-500-1.webp\",\"contentUrl\":\"https:\/\/www.railpartner.sk\/wp-content\/uploads\/2024\/09\/cropped-logo-dark-500-1.webp\",\"width\":500,\"height\":139,\"caption\":\"Railpartner\"},\"image\":{\"@id\":\"https:\/\/www.railpartner.sk\/#\/schema\/logo\/image\/\"}}]}<\/script>\n<!-- \/ Yoast SEO plugin. -->","yoast_head_json":{"title":"Rail Vehicle Maintenance Services | Railpartner","description":"Rail vehicle maintenance services for DB and WLAB coaches and MD bogies. Ensure safety with expert preventive solutions at Railpartner.","robots":{"index":"index","follow":"follow","max-snippet":"max-snippet:-1","max-image-preview":"max-image-preview:large","max-video-preview":"max-video-preview:-1"},"canonical":"https:\/\/www.railpartner.sk\/sk\/udrzba-zeleznicnych-vozidiel\/","og_locale":"sk_SK","og_type":"article","og_title":"Rail Vehicle Maintenance Services | Railpartner","og_description":"Rail vehicle maintenance services for DB and WLAB coaches and MD bogies. Ensure safety with expert preventive solutions at Railpartner.","og_url":"https:\/\/www.railpartner.sk\/sk\/udrzba-zeleznicnych-vozidiel\/","og_site_name":"Railpartner","article_modified_time":"2024-11-06T19:39:04+00:00","og_image":[{"width":1425,"height":868,"url":"https:\/\/www.railpartner.sk\/wp-content\/uploads\/2024\/09\/Maintenance-ezgif.com-optiwebp.webp","type":"image\/webp"}],"twitter_card":"summary_large_image","twitter_misc":{"Predpokladan\u00fd \u010das \u010d\u00edtania":"1 min\u00fata"},"schema":{"@context":"https:\/\/schema.org","@graph":[{"@type":"WebPage","@id":"https:\/\/www.railpartner.sk\/rail-vehicle-maintenance-services\/","url":"https:\/\/www.railpartner.sk\/rail-vehicle-maintenance-services\/","name":"Rail Vehicle Maintenance Services | Railpartner","isPartOf":{"@id":"https:\/\/www.railpartner.sk\/#website"},"primaryImageOfPage":{"@id":"https:\/\/www.railpartner.sk\/rail-vehicle-maintenance-services\/#primaryimage"},"image":{"@id":"https:\/\/www.railpartner.sk\/rail-vehicle-maintenance-services\/#primaryimage"},"thumbnailUrl":"https:\/\/www.railpartner.sk\/wp-content\/uploads\/2024\/09\/Maintenance-ezgif.com-optiwebp.webp","datePublished":"2024-09-08T14:01:30+00:00","dateModified":"2024-11-06T19:39:04+00:00","description":"Rail vehicle maintenance services for DB and WLAB coaches and MD bogies. Ensure safety with expert preventive solutions at Railpartner.","breadcrumb":{"@id":"https:\/\/www.railpartner.sk\/rail-vehicle-maintenance-services\/#breadcrumb"},"inLanguage":"sk-SK","potentialAction":[{"@type":"ReadAction","target":["https:\/\/www.railpartner.sk\/rail-vehicle-maintenance-services\/"]}]},{"@type":"ImageObject","inLanguage":"sk-SK","@id":"https:\/\/www.railpartner.sk\/rail-vehicle-maintenance-services\/#primaryimage","url":"https:\/\/www.railpartner.sk\/wp-content\/uploads\/2024\/09\/Maintenance-ezgif.com-optiwebp.webp","contentUrl":"https:\/\/www.railpartner.sk\/wp-content\/uploads\/2024\/09\/Maintenance-ezgif.com-optiwebp.webp","width":1425,"height":868,"caption":"Preventive maintenance services for rail vehicles at Railpartner."},{"@type":"BreadcrumbList","@id":"https:\/\/www.railpartner.sk\/rail-vehicle-maintenance-services\/#breadcrumb","itemListElement":[{"@type":"ListItem","position":1,"name":"Home","item":"https:\/\/www.railpartner.sk\/"},{"@type":"ListItem","position":2,"name":"Maintenance"}]},{"@type":"WebSite","@id":"https:\/\/www.railpartner.sk\/#website","url":"https:\/\/www.railpartner.sk\/","name":"Railpartner","description":"","publisher":{"@id":"https:\/\/www.railpartner.sk\/#organization"},"potentialAction":[{"@type":"SearchAction","target":{"@type":"EntryPoint","urlTemplate":"https:\/\/www.railpartner.sk\/?s={search_term_string}"},"query-input":{"@type":"PropertyValueSpecification","valueRequired":true,"valueName":"search_term_string"}}],"inLanguage":"sk-SK"},{"@type":"Organization","@id":"https:\/\/www.railpartner.sk\/#organization","name":"Railpartner","url":"https:\/\/www.railpartner.sk\/","logo":{"@type":"ImageObject","inLanguage":"sk-SK","@id":"https:\/\/www.railpartner.sk\/#\/schema\/logo\/image\/","url":"https:\/\/www.railpartner.sk\/wp-content\/uploads\/2024\/09\/cropped-logo-dark-500-1.webp","contentUrl":"https:\/\/www.railpartner.sk\/wp-content\/uploads\/2024\/09\/cropped-logo-dark-500-1.webp","width":500,"height":139,"caption":"Railpartner"},"image":{"@id":"https:\/\/www.railpartner.sk\/#\/schema\/logo\/image\/"}}]}},"_links":{"self":[{"href":"https:\/\/www.railpartner.sk\/sk\/wp-json\/wp\/v2\/pages\/1639","targetHints":{"allow":["GET"]}}],"collection":[{"href":"https:\/\/www.railpartner.sk\/sk\/wp-json\/wp\/v2\/pages"}],"about":[{"href":"https:\/\/www.railpartner.sk\/sk\/wp-json\/wp\/v2\/types\/page"}],"author":[{"embeddable":true,"href":"https:\/\/www.railpartner.sk\/sk\/wp-json\/wp\/v2\/users\/1"}],"replies":[{"embeddable":true,"href":"https:\/\/www.railpartner.sk\/sk\/wp-json\/wp\/v2\/comments?post=1639"}],"version-history":[{"count":1,"href":"https:\/\/www.railpartner.sk\/sk\/wp-json\/wp\/v2\/pages\/1639\/revisions"}],"predecessor-version":[{"id":2378,"href":"https:\/\/www.railpartner.sk\/sk\/wp-json\/wp\/v2\/pages\/1639\/revisions\/2378"}],"wp:featuredmedia":[{"embeddable":true,"href":"https:\/\/www.railpartner.sk\/sk\/wp-json\/wp\/v2\/media\/2135"}],"wp:attachment":[{"href":"https:\/\/www.railpartner.sk\/sk\/wp-json\/wp\/v2\/media?parent=1639"}],"curies":[{"name":"wp","href":"https:\/\/api.w.org\/{rel}","templated":true}]}}