{"id":1713,"date":"2024-09-08T17:46:08","date_gmt":"2024-09-08T15:46:08","guid":{"rendered":"https:\/\/www.railpartner.sk\/?page_id=1713"},"modified":"2024-11-06T20:39:08","modified_gmt":"2024-11-06T19:39:08","slug":"railway-spare-parts","status":"publish","type":"page","link":"https:\/\/www.railpartner.sk\/sk\/zeleznicne-nahradne-diely\/","title":{"rendered":"N\u00e1hradn\u00e9 diely"},"content":{"rendered":"<div data-elementor-type=\"wp-page\" data-elementor-id=\"1713\" class=\"elementor elementor-1713\" data-elementor-post-type=\"page\">\n\t\t\t\t<div class=\"elementor-element elementor-element-94880d6 e-flex e-con-boxed e-con e-parent\" data-id=\"94880d6\" data-element_type=\"container\">\n\t\t\t\t\t<div class=\"e-con-inner\">\n\t\t<div class=\"elementor-element elementor-element-22d4f45 e-flex e-con-boxed e-con e-child\" data-id=\"22d4f45\" data-element_type=\"container\" data-settings=\"{&quot;background_background&quot;:&quot;classic&quot;}\">\n\t\t\t\t\t<div class=\"e-con-inner\">\n\t\t<div class=\"elementor-element elementor-element-db8d53a e-con-full e-flex e-con e-child\" data-id=\"db8d53a\" data-element_type=\"container\">\n\t\t\t\t<div class=\"elementor-element elementor-element-e68bb67 elementor-widget elementor-widget-heading\" data-id=\"e68bb67\" data-element_type=\"widget\" data-widget_type=\"heading.default\">\n\t\t\t\t<div class=\"elementor-widget-container\">\n\t\t\t\t\t<h2 class=\"elementor-heading-title elementor-size-default\">N\u00e1hradn\u00e9 diely pre \u017eeleznice<\/h2>\t\t\t\t<\/div>\n\t\t\t\t<\/div>\n\t\t\t\t<\/div>\n\t\t\t\t\t<\/div>\n\t\t\t\t<\/div>\n\t\t\t\t\t<\/div>\n\t\t\t\t<\/div>\n\t\t<div class=\"elementor-element elementor-element-cfbeca9 e-flex e-con-boxed e-con e-parent\" data-id=\"cfbeca9\" data-element_type=\"container\">\n\t\t\t\t\t<div class=\"e-con-inner\">\n\t\t\t\t<div class=\"elementor-element elementor-element-7641462 elementor-widget elementor-widget-heading\" data-id=\"7641462\" data-element_type=\"widget\" data-widget_type=\"heading.default\">\n\t\t\t\t<div class=\"elementor-widget-container\">\n\t\t\t\t\t<h2 class=\"elementor-heading-title elementor-size-default\">Dod\u00e1vky a podpora pre \u017eelezni\u010dn\u00fa techniku<\/h2>\t\t\t\t<\/div>\n\t\t\t\t<\/div>\n\t\t\t\t\t<\/div>\n\t\t\t\t<\/div>\n\t\t<div class=\"elementor-element elementor-element-21791bb e-flex e-con-boxed e-con e-parent\" data-id=\"21791bb\" data-element_type=\"container\">\n\t\t\t\t\t<div class=\"e-con-inner\">\n\t\t\t\t<div class=\"elementor-element elementor-element-2346f0d elementor-widget elementor-widget-text-editor\" data-id=\"2346f0d\" data-element_type=\"widget\" data-widget_type=\"text-editor.default\">\n\t\t\t\t<div class=\"elementor-widget-container\">\n\t\t\t\t\t\t\t\t\t<ul><li>\u017delezni\u010dn\u00e9 brzdov\u00e9 kot\u00fa\u010de (Kovis)<\/li><li>Brzdov\u00e9 do\u0161ti\u010dky a \u0161pal\u00edky (Bremskerl)<\/li><li>Tlmi\u010de (Gerep, Koni, ...)<\/li><li>Regula\u010dn\u00e9 ventily (bezpe\u010dnostn\u00e9, vyva\u017eovacie), klapky, \u0161up\u00e1tka, sp\u00edna\u010de a sn\u00edma\u010de tlaku (Norgren, Buschjost, Rexroth...) a \u010fal\u0161ie pr\u00edslu\u0161enstvo (r\u00fdchlospojky, PA potrubia\/hadice) potrebn\u00e9 na rozvod a pr\u00edpravu stla\u010den\u00e9ho vzduchu<\/li><li>Technick\u00fd n\u00e1vrh, v\u00fdroba a dod\u00e1vka komponentov pre kusov\u00fa a malos\u00e9riov\u00fa v\u00fdrobu (skrutky, matice, ozuben\u00e9 koles\u00e1 \u2013 valcov\u00e9, ku\u017ee\u013eov\u00e9, so \u0161ikm\u00fdm ozuben\u00edm), dr\u017eiakov, r\u00f4znych zvarencov a in\u00fdch mechanick\u00fdch alebo statick\u00fdch zost\u00e1v.<\/li><li>Dod\u00e1vky a opravy kompresorov zna\u010diek Bock a Mercedes vr\u00e1tane n\u00e1hradn\u00fdch dielov.<\/li><li>Prevodovky \u2013 servis, opravy a n\u00e1hradn\u00e9 diely.<\/li><li>Prevent\u00edvna \u00fadr\u017eba displeja (v pr\u00edpade potreby v\u00fdmena po\u0161koden\u00fdch \u010dast\u00ed).<\/li><\/ul>\t\t\t\t\t\t\t\t<\/div>\n\t\t\t\t<\/div>\n\t\t\t\t\t<\/div>\n\t\t\t\t<\/div>\n\t\t<div class=\"elementor-element elementor-element-1ca6acc e-flex e-con-boxed e-con e-parent\" data-id=\"1ca6acc\" data-element_type=\"container\">\n\t\t\t\t\t<div class=\"e-con-inner\">\n\t\t\t\t<div class=\"elementor-element elementor-element-c637a91 elementor-widget elementor-widget-spacer\" data-id=\"c637a91\" data-element_type=\"widget\" data-widget_type=\"spacer.default\">\n\t\t\t\t<div class=\"elementor-widget-container\">\n\t\t\t\t\t\t\t<div class=\"elementor-spacer\">\n\t\t\t<div class=\"elementor-spacer-inner\"><\/div>\n\t\t<\/div>\n\t\t\t\t\t\t<\/div>\n\t\t\t\t<\/div>\n\t\t\t\t\t<\/div>\n\t\t\t\t<\/div>\n\t\t\t\t<\/div>","protected":false},"excerpt":{"rendered":"<p>Railway Spare Parts Railway supplies and services Railway brake discs (Kovis) Brake pads and blocks (Bremskerl) Shock absorbers (Gerep, Koni, \u2026) Control valves (safety, balancing), dampers, gate valves, switches and pressure sensors (Norgren, Buschjost, Rexroth \u2026) and other accessories (quick couplings, PA pipes \/ hoses) needed for distribution and preparation of compressed air Design, manufacture [&hellip;]<\/p>","protected":false},"author":1,"featured_media":2139,"parent":0,"menu_order":0,"comment_status":"closed","ping_status":"closed","template":"","meta":{"_monsterinsights_skip_tracking":false,"_monsterinsights_sitenote_active":false,"_monsterinsights_sitenote_note":"","_monsterinsights_sitenote_category":0,"footnotes":""},"class_list":["post-1713","page","type-page","status-publish","has-post-thumbnail","hentry"],"yoast_head":"<!-- This site is optimized with the Yoast SEO plugin v25.3.1 - https:\/\/yoast.com\/wordpress\/plugins\/seo\/ -->\n<title>Railway Spare Parts &amp; Repairs | Railpartner<\/title>\n<meta name=\"description\" content=\"Explore quality railway spare parts including brake discs and gearboxes. Railpartner provides expert supply and repair services.\" \/>\n<meta name=\"robots\" content=\"index, follow, max-snippet:-1, max-image-preview:large, max-video-preview:-1\" \/>\n<link rel=\"canonical\" href=\"https:\/\/www.railpartner.sk\/sk\/zeleznicne-nahradne-diely\/\" \/>\n<meta property=\"og:locale\" content=\"sk_SK\" \/>\n<meta property=\"og:type\" content=\"article\" \/>\n<meta property=\"og:title\" content=\"Railway Spare Parts &amp; Repairs | Railpartner\" \/>\n<meta property=\"og:description\" content=\"Explore quality railway spare parts including brake discs and gearboxes. Railpartner provides expert supply and repair services.\" \/>\n<meta property=\"og:url\" content=\"https:\/\/www.railpartner.sk\/sk\/zeleznicne-nahradne-diely\/\" \/>\n<meta property=\"og:site_name\" content=\"Railpartner\" \/>\n<meta property=\"article:modified_time\" content=\"2024-11-06T19:39:08+00:00\" \/>\n<meta property=\"og:image\" content=\"https:\/\/www.railpartner.sk\/wp-content\/uploads\/2024\/09\/wheels.webp\" \/>\n\t<meta property=\"og:image:width\" content=\"1425\" \/>\n\t<meta property=\"og:image:height\" content=\"868\" \/>\n\t<meta property=\"og:image:type\" content=\"image\/webp\" \/>\n<meta name=\"twitter:card\" content=\"summary_large_image\" \/>\n<meta name=\"twitter:label1\" content=\"Predpokladan\u00fd \u010das \u010d\u00edtania\" \/>\n\t<meta name=\"twitter:data1\" content=\"1 min\u00fata\" \/>\n<script type=\"application\/ld+json\" class=\"yoast-schema-graph\">{\"@context\":\"https:\/\/schema.org\",\"@graph\":[{\"@type\":\"WebPage\",\"@id\":\"https:\/\/www.railpartner.sk\/railway-spare-parts\/\",\"url\":\"https:\/\/www.railpartner.sk\/railway-spare-parts\/\",\"name\":\"Railway Spare Parts & Repairs | Railpartner\",\"isPartOf\":{\"@id\":\"https:\/\/www.railpartner.sk\/#website\"},\"primaryImageOfPage\":{\"@id\":\"https:\/\/www.railpartner.sk\/railway-spare-parts\/#primaryimage\"},\"image\":{\"@id\":\"https:\/\/www.railpartner.sk\/railway-spare-parts\/#primaryimage\"},\"thumbnailUrl\":\"https:\/\/www.railpartner.sk\/wp-content\/uploads\/2024\/09\/wheels.webp\",\"datePublished\":\"2024-09-08T15:46:08+00:00\",\"dateModified\":\"2024-11-06T19:39:08+00:00\",\"description\":\"Explore quality railway spare parts including brake discs and gearboxes. Railpartner provides expert supply and repair services.\",\"breadcrumb\":{\"@id\":\"https:\/\/www.railpartner.sk\/railway-spare-parts\/#breadcrumb\"},\"inLanguage\":\"sk-SK\",\"potentialAction\":[{\"@type\":\"ReadAction\",\"target\":[\"https:\/\/www.railpartner.sk\/railway-spare-parts\/\"]}]},{\"@type\":\"ImageObject\",\"inLanguage\":\"sk-SK\",\"@id\":\"https:\/\/www.railpartner.sk\/railway-spare-parts\/#primaryimage\",\"url\":\"https:\/\/www.railpartner.sk\/wp-content\/uploads\/2024\/09\/wheels.webp\",\"contentUrl\":\"https:\/\/www.railpartner.sk\/wp-content\/uploads\/2024\/09\/wheels.webp\",\"width\":1425,\"height\":868,\"caption\":\"High-quality railway spare parts available at Railpartner.\"},{\"@type\":\"BreadcrumbList\",\"@id\":\"https:\/\/www.railpartner.sk\/railway-spare-parts\/#breadcrumb\",\"itemListElement\":[{\"@type\":\"ListItem\",\"position\":1,\"name\":\"Home\",\"item\":\"https:\/\/www.railpartner.sk\/\"},{\"@type\":\"ListItem\",\"position\":2,\"name\":\"Spare Parts\"}]},{\"@type\":\"WebSite\",\"@id\":\"https:\/\/www.railpartner.sk\/#website\",\"url\":\"https:\/\/www.railpartner.sk\/\",\"name\":\"Railpartner\",\"description\":\"\",\"publisher\":{\"@id\":\"https:\/\/www.railpartner.sk\/#organization\"},\"potentialAction\":[{\"@type\":\"SearchAction\",\"target\":{\"@type\":\"EntryPoint\",\"urlTemplate\":\"https:\/\/www.railpartner.sk\/?s={search_term_string}\"},\"query-input\":{\"@type\":\"PropertyValueSpecification\",\"valueRequired\":true,\"valueName\":\"search_term_string\"}}],\"inLanguage\":\"sk-SK\"},{\"@type\":\"Organization\",\"@id\":\"https:\/\/www.railpartner.sk\/#organization\",\"name\":\"Railpartner\",\"url\":\"https:\/\/www.railpartner.sk\/\",\"logo\":{\"@type\":\"ImageObject\",\"inLanguage\":\"sk-SK\",\"@id\":\"https:\/\/www.railpartner.sk\/#\/schema\/logo\/image\/\",\"url\":\"https:\/\/www.railpartner.sk\/wp-content\/uploads\/2024\/09\/cropped-logo-dark-500-1.webp\",\"contentUrl\":\"https:\/\/www.railpartner.sk\/wp-content\/uploads\/2024\/09\/cropped-logo-dark-500-1.webp\",\"width\":500,\"height\":139,\"caption\":\"Railpartner\"},\"image\":{\"@id\":\"https:\/\/www.railpartner.sk\/#\/schema\/logo\/image\/\"}}]}<\/script>\n<!-- \/ Yoast SEO plugin. -->","yoast_head_json":{"title":"Railway Spare Parts & Repairs | Railpartner","description":"Explore quality railway spare parts including brake discs and gearboxes. Railpartner provides expert supply and repair services.","robots":{"index":"index","follow":"follow","max-snippet":"max-snippet:-1","max-image-preview":"max-image-preview:large","max-video-preview":"max-video-preview:-1"},"canonical":"https:\/\/www.railpartner.sk\/sk\/zeleznicne-nahradne-diely\/","og_locale":"sk_SK","og_type":"article","og_title":"Railway Spare Parts & Repairs | Railpartner","og_description":"Explore quality railway spare parts including brake discs and gearboxes. Railpartner provides expert supply and repair services.","og_url":"https:\/\/www.railpartner.sk\/sk\/zeleznicne-nahradne-diely\/","og_site_name":"Railpartner","article_modified_time":"2024-11-06T19:39:08+00:00","og_image":[{"width":1425,"height":868,"url":"https:\/\/www.railpartner.sk\/wp-content\/uploads\/2024\/09\/wheels.webp","type":"image\/webp"}],"twitter_card":"summary_large_image","twitter_misc":{"Predpokladan\u00fd \u010das \u010d\u00edtania":"1 min\u00fata"},"schema":{"@context":"https:\/\/schema.org","@graph":[{"@type":"WebPage","@id":"https:\/\/www.railpartner.sk\/railway-spare-parts\/","url":"https:\/\/www.railpartner.sk\/railway-spare-parts\/","name":"Railway Spare Parts & Repairs | Railpartner","isPartOf":{"@id":"https:\/\/www.railpartner.sk\/#website"},"primaryImageOfPage":{"@id":"https:\/\/www.railpartner.sk\/railway-spare-parts\/#primaryimage"},"image":{"@id":"https:\/\/www.railpartner.sk\/railway-spare-parts\/#primaryimage"},"thumbnailUrl":"https:\/\/www.railpartner.sk\/wp-content\/uploads\/2024\/09\/wheels.webp","datePublished":"2024-09-08T15:46:08+00:00","dateModified":"2024-11-06T19:39:08+00:00","description":"Explore quality railway spare parts including brake discs and gearboxes. Railpartner provides expert supply and repair services.","breadcrumb":{"@id":"https:\/\/www.railpartner.sk\/railway-spare-parts\/#breadcrumb"},"inLanguage":"sk-SK","potentialAction":[{"@type":"ReadAction","target":["https:\/\/www.railpartner.sk\/railway-spare-parts\/"]}]},{"@type":"ImageObject","inLanguage":"sk-SK","@id":"https:\/\/www.railpartner.sk\/railway-spare-parts\/#primaryimage","url":"https:\/\/www.railpartner.sk\/wp-content\/uploads\/2024\/09\/wheels.webp","contentUrl":"https:\/\/www.railpartner.sk\/wp-content\/uploads\/2024\/09\/wheels.webp","width":1425,"height":868,"caption":"High-quality railway spare parts available at Railpartner."},{"@type":"BreadcrumbList","@id":"https:\/\/www.railpartner.sk\/railway-spare-parts\/#breadcrumb","itemListElement":[{"@type":"ListItem","position":1,"name":"Home","item":"https:\/\/www.railpartner.sk\/"},{"@type":"ListItem","position":2,"name":"Spare Parts"}]},{"@type":"WebSite","@id":"https:\/\/www.railpartner.sk\/#website","url":"https:\/\/www.railpartner.sk\/","name":"Railpartner","description":"","publisher":{"@id":"https:\/\/www.railpartner.sk\/#organization"},"potentialAction":[{"@type":"SearchAction","target":{"@type":"EntryPoint","urlTemplate":"https:\/\/www.railpartner.sk\/?s={search_term_string}"},"query-input":{"@type":"PropertyValueSpecification","valueRequired":true,"valueName":"search_term_string"}}],"inLanguage":"sk-SK"},{"@type":"Organization","@id":"https:\/\/www.railpartner.sk\/#organization","name":"Railpartner","url":"https:\/\/www.railpartner.sk\/","logo":{"@type":"ImageObject","inLanguage":"sk-SK","@id":"https:\/\/www.railpartner.sk\/#\/schema\/logo\/image\/","url":"https:\/\/www.railpartner.sk\/wp-content\/uploads\/2024\/09\/cropped-logo-dark-500-1.webp","contentUrl":"https:\/\/www.railpartner.sk\/wp-content\/uploads\/2024\/09\/cropped-logo-dark-500-1.webp","width":500,"height":139,"caption":"Railpartner"},"image":{"@id":"https:\/\/www.railpartner.sk\/#\/schema\/logo\/image\/"}}]}},"_links":{"self":[{"href":"https:\/\/www.railpartner.sk\/sk\/wp-json\/wp\/v2\/pages\/1713","targetHints":{"allow":["GET"]}}],"collection":[{"href":"https:\/\/www.railpartner.sk\/sk\/wp-json\/wp\/v2\/pages"}],"about":[{"href":"https:\/\/www.railpartner.sk\/sk\/wp-json\/wp\/v2\/types\/page"}],"author":[{"embeddable":true,"href":"https:\/\/www.railpartner.sk\/sk\/wp-json\/wp\/v2\/users\/1"}],"replies":[{"embeddable":true,"href":"https:\/\/www.railpartner.sk\/sk\/wp-json\/wp\/v2\/comments?post=1713"}],"version-history":[{"count":1,"href":"https:\/\/www.railpartner.sk\/sk\/wp-json\/wp\/v2\/pages\/1713\/revisions"}],"predecessor-version":[{"id":2380,"href":"https:\/\/www.railpartner.sk\/sk\/wp-json\/wp\/v2\/pages\/1713\/revisions\/2380"}],"wp:featuredmedia":[{"embeddable":true,"href":"https:\/\/www.railpartner.sk\/sk\/wp-json\/wp\/v2\/media\/2139"}],"wp:attachment":[{"href":"https:\/\/www.railpartner.sk\/sk\/wp-json\/wp\/v2\/media?parent=1713"}],"curies":[{"name":"wp","href":"https:\/\/api.w.org\/{rel}","templated":true}]}}