{"id":1743,"date":"2024-09-08T18:08:11","date_gmt":"2024-09-08T16:08:11","guid":{"rendered":"https:\/\/www.railpartner.sk\/?page_id=1743"},"modified":"2024-11-06T20:37:13","modified_gmt":"2024-11-06T19:37:13","slug":"rail-vehicle-engineering-services","status":"publish","type":"page","link":"https:\/\/www.railpartner.sk\/sk\/inziniering-zeleznicnych-vozidiel\/","title":{"rendered":"In\u017einiering a podpora"},"content":{"rendered":"<div data-elementor-type=\"wp-page\" data-elementor-id=\"1743\" class=\"elementor elementor-1743\" data-elementor-post-type=\"page\">\n\t\t\t\t<div class=\"elementor-element elementor-element-c0b2e64 e-flex e-con-boxed e-con e-parent\" data-id=\"c0b2e64\" data-element_type=\"container\">\n\t\t\t\t\t<div class=\"e-con-inner\">\n\t\t<div class=\"elementor-element elementor-element-5d02d5a e-flex e-con-boxed e-con e-child\" data-id=\"5d02d5a\" data-element_type=\"container\" data-settings=\"{&quot;background_background&quot;:&quot;classic&quot;}\">\n\t\t\t\t\t<div class=\"e-con-inner\">\n\t\t<div class=\"elementor-element elementor-element-943cda1 e-con-full e-flex e-con e-child\" data-id=\"943cda1\" data-element_type=\"container\">\n\t\t\t\t<div class=\"elementor-element elementor-element-b5ff94f elementor-widget elementor-widget-heading\" data-id=\"b5ff94f\" data-element_type=\"widget\" data-widget_type=\"heading.default\">\n\t\t\t\t<div class=\"elementor-widget-container\">\n\t\t\t\t\t<h2 class=\"elementor-heading-title elementor-size-default\">In\u017einiering a podpora<\/h2>\t\t\t\t<\/div>\n\t\t\t\t<\/div>\n\t\t\t\t<\/div>\n\t\t\t\t\t<\/div>\n\t\t\t\t<\/div>\n\t\t\t\t\t<\/div>\n\t\t\t\t<\/div>\n\t\t<div class=\"elementor-element elementor-element-cfbeca9 e-flex e-con-boxed e-con e-parent\" data-id=\"cfbeca9\" data-element_type=\"container\">\n\t\t\t\t\t<div class=\"e-con-inner\">\n\t\t\t\t<div class=\"elementor-element elementor-element-80afb14 elementor-widget elementor-widget-menu-anchor\" data-id=\"80afb14\" data-element_type=\"widget\" data-widget_type=\"menu-anchor.default\">\n\t\t\t\t<div class=\"elementor-widget-container\">\n\t\t\t\t\t\t\t<div class=\"elementor-menu-anchor\" id=\"Engineering\"><\/div>\n\t\t\t\t\t\t<\/div>\n\t\t\t\t<\/div>\n\t\t\t\t<div class=\"elementor-element elementor-element-7641462 elementor-widget elementor-widget-heading\" data-id=\"7641462\" data-element_type=\"widget\" data-widget_type=\"heading.default\">\n\t\t\t\t<div class=\"elementor-widget-container\">\n\t\t\t\t\t<h2 class=\"elementor-heading-title elementor-size-default\">Rie\u0161enia a implement\u00e1cie<\/h2>\t\t\t\t<\/div>\n\t\t\t\t<\/div>\n\t\t\t\t\t<\/div>\n\t\t\t\t<\/div>\n\t\t<div class=\"elementor-element elementor-element-21791bb e-flex e-con-boxed e-con e-parent\" data-id=\"21791bb\" data-element_type=\"container\">\n\t\t\t\t\t<div class=\"e-con-inner\">\n\t\t\t\t<div class=\"elementor-element elementor-element-2346f0d elementor-widget elementor-widget-text-editor\" data-id=\"2346f0d\" data-element_type=\"widget\" data-widget_type=\"text-editor.default\">\n\t\t\t\t<div class=\"elementor-widget-container\">\n\t\t\t\t\t\t\t\t\t<ul><li>Distrib\u00facia zvuku a rozhlasu<\/li><li>V\u00fdmena star\u00fdch (13-\u017eilov\u00fdch) k\u00e1blov\u00fdch veden\u00ed za nov\u00e9 k\u00e1ble UIC (18-\u017eilov\u00e9)<\/li><li>V\u00fdmena star\u00fdch nap\u00e1jac\u00edch zdrojov (in\u0161tal\u00e1cia nov\u00fdch)<\/li><li>Rie\u0161enie a in\u0161tal\u00e1cia selekt\u00edvneho ovl\u00e1dania dver\u00ed<\/li><li>N\u00e1vrh, rie\u0161enie a mont\u00e1\u017e kuchynsk\u00fdch a jed\u00e1lensk\u00fdch n\u00e1bytkov\u00fdch zost\u00e1v vr\u00e1tane vstavan\u00fdch chladiacich boxov<\/li><li>Opravy klimatiza\u010dn\u00fdch zariaden\u00ed a chladni\u010diek<\/li><li>N\u00e1vrh a realiz\u00e1cia \u010dal\u00fannick\u00fdch pr\u00e1c na k\u013e\u00fa\u010d<\/li><li>N\u00e1vrhy a moderniz\u00e1cia klimatiz\u00e1cie \u017eelezni\u010dn\u00fdch vozidiel<\/li><\/ul>\t\t\t\t\t\t\t\t<\/div>\n\t\t\t\t<\/div>\n\t\t\t\t\t<\/div>\n\t\t\t\t<\/div>\n\t\t<div class=\"elementor-element elementor-element-1ca6acc e-flex e-con-boxed e-con e-parent\" data-id=\"1ca6acc\" data-element_type=\"container\">\n\t\t\t\t\t<div class=\"e-con-inner\">\n\t\t\t\t<div class=\"elementor-element elementor-element-c637a91 elementor-widget elementor-widget-spacer\" data-id=\"c637a91\" data-element_type=\"widget\" data-widget_type=\"spacer.default\">\n\t\t\t\t<div class=\"elementor-widget-container\">\n\t\t\t\t\t\t\t<div class=\"elementor-spacer\">\n\t\t\t<div class=\"elementor-spacer-inner\"><\/div>\n\t\t<\/div>\n\t\t\t\t\t\t<\/div>\n\t\t\t\t<\/div>\n\t\t\t\t\t<\/div>\n\t\t\t\t<\/div>\n\t\t<div class=\"elementor-element elementor-element-4b9b1d3 e-flex e-con-boxed e-con e-parent\" data-id=\"4b9b1d3\" data-element_type=\"container\">\n\t\t\t\t\t<div class=\"e-con-inner\">\n\t\t\t\t\t<\/div>\n\t\t\t\t<\/div>\n\t\t\t\t<\/div>","protected":false},"excerpt":{"rendered":"<p>Engineering and support Solutions and implementations Sound and radio distribution Replacement of old (13-core) cable lines with new UIC (18-core) cables Replacement of old power supply (installation of new ones) Solution and installation of selective door control Design, solutions and installation of kitchen and dining room furniture sets, including built-in cooling boxes Repairs of air [&hellip;]<\/p>","protected":false},"author":1,"featured_media":2131,"parent":0,"menu_order":0,"comment_status":"closed","ping_status":"closed","template":"","meta":{"_monsterinsights_skip_tracking":false,"_monsterinsights_sitenote_active":false,"_monsterinsights_sitenote_note":"","_monsterinsights_sitenote_category":0,"footnotes":""},"class_list":["post-1743","page","type-page","status-publish","has-post-thumbnail","hentry"],"yoast_head":"<!-- This site is optimized with the Yoast SEO plugin v25.3.1 - https:\/\/yoast.com\/wordpress\/plugins\/seo\/ -->\n<title>Rail Vehicle Engineering Services | Railpartner.<\/title>\n<meta name=\"description\" content=\"Rail Vehicle Engineering Services by Railpartner include UIC cable replacements, air conditioner repairs, and more.\" \/>\n<meta name=\"robots\" content=\"index, follow, max-snippet:-1, max-image-preview:large, max-video-preview:-1\" \/>\n<link rel=\"canonical\" href=\"https:\/\/www.railpartner.sk\/sk\/inziniering-zeleznicnych-vozidiel\/\" \/>\n<meta property=\"og:locale\" content=\"sk_SK\" \/>\n<meta property=\"og:type\" content=\"article\" \/>\n<meta property=\"og:title\" content=\"Rail Vehicle Engineering Services | Railpartner.\" \/>\n<meta property=\"og:description\" content=\"Rail Vehicle Engineering Services by Railpartner include UIC cable replacements, air conditioner repairs, and more.\" \/>\n<meta property=\"og:url\" content=\"https:\/\/www.railpartner.sk\/sk\/inziniering-zeleznicnych-vozidiel\/\" \/>\n<meta property=\"og:site_name\" content=\"Railpartner\" \/>\n<meta property=\"article:modified_time\" content=\"2024-11-06T19:37:13+00:00\" \/>\n<meta property=\"og:image\" content=\"https:\/\/www.railpartner.sk\/wp-content\/uploads\/2024\/09\/Engineering.webp\" \/>\n\t<meta property=\"og:image:width\" content=\"1425\" \/>\n\t<meta property=\"og:image:height\" content=\"868\" \/>\n\t<meta property=\"og:image:type\" content=\"image\/webp\" \/>\n<meta name=\"twitter:card\" content=\"summary_large_image\" \/>\n<meta name=\"twitter:label1\" content=\"Predpokladan\u00fd \u010das \u010d\u00edtania\" \/>\n\t<meta name=\"twitter:data1\" content=\"1 min\u00fata\" \/>\n<script type=\"application\/ld+json\" class=\"yoast-schema-graph\">{\"@context\":\"https:\/\/schema.org\",\"@graph\":[{\"@type\":\"WebPage\",\"@id\":\"https:\/\/www.railpartner.sk\/rail-vehicle-engineering-services\/\",\"url\":\"https:\/\/www.railpartner.sk\/rail-vehicle-engineering-services\/\",\"name\":\"Rail Vehicle Engineering Services | Railpartner.\",\"isPartOf\":{\"@id\":\"https:\/\/www.railpartner.sk\/#website\"},\"primaryImageOfPage\":{\"@id\":\"https:\/\/www.railpartner.sk\/rail-vehicle-engineering-services\/#primaryimage\"},\"image\":{\"@id\":\"https:\/\/www.railpartner.sk\/rail-vehicle-engineering-services\/#primaryimage\"},\"thumbnailUrl\":\"https:\/\/www.railpartner.sk\/wp-content\/uploads\/2024\/09\/Engineering.webp\",\"datePublished\":\"2024-09-08T16:08:11+00:00\",\"dateModified\":\"2024-11-06T19:37:13+00:00\",\"description\":\"Rail Vehicle Engineering Services by Railpartner include UIC cable replacements, air conditioner repairs, and more.\",\"breadcrumb\":{\"@id\":\"https:\/\/www.railpartner.sk\/rail-vehicle-engineering-services\/#breadcrumb\"},\"inLanguage\":\"sk-SK\",\"potentialAction\":[{\"@type\":\"ReadAction\",\"target\":[\"https:\/\/www.railpartner.sk\/rail-vehicle-engineering-services\/\"]}]},{\"@type\":\"ImageObject\",\"inLanguage\":\"sk-SK\",\"@id\":\"https:\/\/www.railpartner.sk\/rail-vehicle-engineering-services\/#primaryimage\",\"url\":\"https:\/\/www.railpartner.sk\/wp-content\/uploads\/2024\/09\/Engineering.webp\",\"contentUrl\":\"https:\/\/www.railpartner.sk\/wp-content\/uploads\/2024\/09\/Engineering.webp\",\"width\":1425,\"height\":868,\"caption\":\"High-Quality Rail Vehicle Engineering Services\"},{\"@type\":\"BreadcrumbList\",\"@id\":\"https:\/\/www.railpartner.sk\/rail-vehicle-engineering-services\/#breadcrumb\",\"itemListElement\":[{\"@type\":\"ListItem\",\"position\":1,\"name\":\"Home\",\"item\":\"https:\/\/www.railpartner.sk\/\"},{\"@type\":\"ListItem\",\"position\":2,\"name\":\"Engineering and support\"}]},{\"@type\":\"WebSite\",\"@id\":\"https:\/\/www.railpartner.sk\/#website\",\"url\":\"https:\/\/www.railpartner.sk\/\",\"name\":\"Railpartner\",\"description\":\"\",\"publisher\":{\"@id\":\"https:\/\/www.railpartner.sk\/#organization\"},\"potentialAction\":[{\"@type\":\"SearchAction\",\"target\":{\"@type\":\"EntryPoint\",\"urlTemplate\":\"https:\/\/www.railpartner.sk\/?s={search_term_string}\"},\"query-input\":{\"@type\":\"PropertyValueSpecification\",\"valueRequired\":true,\"valueName\":\"search_term_string\"}}],\"inLanguage\":\"sk-SK\"},{\"@type\":\"Organization\",\"@id\":\"https:\/\/www.railpartner.sk\/#organization\",\"name\":\"Railpartner\",\"url\":\"https:\/\/www.railpartner.sk\/\",\"logo\":{\"@type\":\"ImageObject\",\"inLanguage\":\"sk-SK\",\"@id\":\"https:\/\/www.railpartner.sk\/#\/schema\/logo\/image\/\",\"url\":\"https:\/\/www.railpartner.sk\/wp-content\/uploads\/2024\/09\/cropped-logo-dark-500-1.webp\",\"contentUrl\":\"https:\/\/www.railpartner.sk\/wp-content\/uploads\/2024\/09\/cropped-logo-dark-500-1.webp\",\"width\":500,\"height\":139,\"caption\":\"Railpartner\"},\"image\":{\"@id\":\"https:\/\/www.railpartner.sk\/#\/schema\/logo\/image\/\"}}]}<\/script>\n<!-- \/ Yoast SEO plugin. -->","yoast_head_json":{"title":"Rail Vehicle Engineering Services | Railpartner.","description":"Rail Vehicle Engineering Services by Railpartner include UIC cable replacements, air conditioner repairs, and more.","robots":{"index":"index","follow":"follow","max-snippet":"max-snippet:-1","max-image-preview":"max-image-preview:large","max-video-preview":"max-video-preview:-1"},"canonical":"https:\/\/www.railpartner.sk\/sk\/inziniering-zeleznicnych-vozidiel\/","og_locale":"sk_SK","og_type":"article","og_title":"Rail Vehicle Engineering Services | Railpartner.","og_description":"Rail Vehicle Engineering Services by Railpartner include UIC cable replacements, air conditioner repairs, and more.","og_url":"https:\/\/www.railpartner.sk\/sk\/inziniering-zeleznicnych-vozidiel\/","og_site_name":"Railpartner","article_modified_time":"2024-11-06T19:37:13+00:00","og_image":[{"width":1425,"height":868,"url":"https:\/\/www.railpartner.sk\/wp-content\/uploads\/2024\/09\/Engineering.webp","type":"image\/webp"}],"twitter_card":"summary_large_image","twitter_misc":{"Predpokladan\u00fd \u010das \u010d\u00edtania":"1 min\u00fata"},"schema":{"@context":"https:\/\/schema.org","@graph":[{"@type":"WebPage","@id":"https:\/\/www.railpartner.sk\/rail-vehicle-engineering-services\/","url":"https:\/\/www.railpartner.sk\/rail-vehicle-engineering-services\/","name":"Rail Vehicle Engineering Services | Railpartner.","isPartOf":{"@id":"https:\/\/www.railpartner.sk\/#website"},"primaryImageOfPage":{"@id":"https:\/\/www.railpartner.sk\/rail-vehicle-engineering-services\/#primaryimage"},"image":{"@id":"https:\/\/www.railpartner.sk\/rail-vehicle-engineering-services\/#primaryimage"},"thumbnailUrl":"https:\/\/www.railpartner.sk\/wp-content\/uploads\/2024\/09\/Engineering.webp","datePublished":"2024-09-08T16:08:11+00:00","dateModified":"2024-11-06T19:37:13+00:00","description":"Rail Vehicle Engineering Services by Railpartner include UIC cable replacements, air conditioner repairs, and more.","breadcrumb":{"@id":"https:\/\/www.railpartner.sk\/rail-vehicle-engineering-services\/#breadcrumb"},"inLanguage":"sk-SK","potentialAction":[{"@type":"ReadAction","target":["https:\/\/www.railpartner.sk\/rail-vehicle-engineering-services\/"]}]},{"@type":"ImageObject","inLanguage":"sk-SK","@id":"https:\/\/www.railpartner.sk\/rail-vehicle-engineering-services\/#primaryimage","url":"https:\/\/www.railpartner.sk\/wp-content\/uploads\/2024\/09\/Engineering.webp","contentUrl":"https:\/\/www.railpartner.sk\/wp-content\/uploads\/2024\/09\/Engineering.webp","width":1425,"height":868,"caption":"High-Quality Rail Vehicle Engineering Services"},{"@type":"BreadcrumbList","@id":"https:\/\/www.railpartner.sk\/rail-vehicle-engineering-services\/#breadcrumb","itemListElement":[{"@type":"ListItem","position":1,"name":"Home","item":"https:\/\/www.railpartner.sk\/"},{"@type":"ListItem","position":2,"name":"Engineering and support"}]},{"@type":"WebSite","@id":"https:\/\/www.railpartner.sk\/#website","url":"https:\/\/www.railpartner.sk\/","name":"Railpartner","description":"","publisher":{"@id":"https:\/\/www.railpartner.sk\/#organization"},"potentialAction":[{"@type":"SearchAction","target":{"@type":"EntryPoint","urlTemplate":"https:\/\/www.railpartner.sk\/?s={search_term_string}"},"query-input":{"@type":"PropertyValueSpecification","valueRequired":true,"valueName":"search_term_string"}}],"inLanguage":"sk-SK"},{"@type":"Organization","@id":"https:\/\/www.railpartner.sk\/#organization","name":"Railpartner","url":"https:\/\/www.railpartner.sk\/","logo":{"@type":"ImageObject","inLanguage":"sk-SK","@id":"https:\/\/www.railpartner.sk\/#\/schema\/logo\/image\/","url":"https:\/\/www.railpartner.sk\/wp-content\/uploads\/2024\/09\/cropped-logo-dark-500-1.webp","contentUrl":"https:\/\/www.railpartner.sk\/wp-content\/uploads\/2024\/09\/cropped-logo-dark-500-1.webp","width":500,"height":139,"caption":"Railpartner"},"image":{"@id":"https:\/\/www.railpartner.sk\/#\/schema\/logo\/image\/"}}]}},"_links":{"self":[{"href":"https:\/\/www.railpartner.sk\/sk\/wp-json\/wp\/v2\/pages\/1743","targetHints":{"allow":["GET"]}}],"collection":[{"href":"https:\/\/www.railpartner.sk\/sk\/wp-json\/wp\/v2\/pages"}],"about":[{"href":"https:\/\/www.railpartner.sk\/sk\/wp-json\/wp\/v2\/types\/page"}],"author":[{"embeddable":true,"href":"https:\/\/www.railpartner.sk\/sk\/wp-json\/wp\/v2\/users\/1"}],"replies":[{"embeddable":true,"href":"https:\/\/www.railpartner.sk\/sk\/wp-json\/wp\/v2\/comments?post=1743"}],"version-history":[{"count":9,"href":"https:\/\/www.railpartner.sk\/sk\/wp-json\/wp\/v2\/pages\/1743\/revisions"}],"predecessor-version":[{"id":2286,"href":"https:\/\/www.railpartner.sk\/sk\/wp-json\/wp\/v2\/pages\/1743\/revisions\/2286"}],"wp:featuredmedia":[{"embeddable":true,"href":"https:\/\/www.railpartner.sk\/sk\/wp-json\/wp\/v2\/media\/2131"}],"wp:attachment":[{"href":"https:\/\/www.railpartner.sk\/sk\/wp-json\/wp\/v2\/media?parent=1743"}],"curies":[{"name":"wp","href":"https:\/\/api.w.org\/{rel}","templated":true}]}}